{"id":437,"date":"2026-03-22T23:59:00","date_gmt":"2026-03-22T23:59:00","guid":{"rendered":"https:\/\/productosdeayuda.renemey.org\/?page_id=437"},"modified":"2026-03-29T01:02:35","modified_gmt":"2026-03-29T01:02:35","slug":"preguntas-frecuentes","status":"publish","type":"page","link":"https:\/\/productosdeayuda.renemey.org\/index.php\/preguntas-frecuentes\/","title":{"rendered":"Preguntas frecuentes"},"content":{"rendered":"\t\t<div data-elementor-type=\"wp-page\" data-elementor-id=\"437\" class=\"elementor elementor-437\">\n\t\t\t\t<div class=\"elementor-element elementor-element-63b777c e-flex e-con-boxed wpr-particle-no wpr-jarallax-no wpr-parallax-no wpr-sticky-section-no wpr-column-slider-no wpr-equal-height-no e-con e-parent\" data-id=\"63b777c\" data-element_type=\"container\" data-e-type=\"container\">\n\t\t\t\t\t<div class=\"e-con-inner\">\n\t\t\t\t<div class=\"elementor-element elementor-element-1228157 elementor-widget elementor-widget-heading\" data-id=\"1228157\" data-element_type=\"widget\" data-e-type=\"widget\" data-widget_type=\"heading.default\">\n\t\t\t\t\t<h1 class=\"elementor-heading-title elementor-size-default\">Preguntas frecuentes<\/h1>\t\t\t\t<\/div>\n\t\t\t\t<div class=\"elementor-element elementor-element-c88b1fc elementor-widget elementor-widget-n-accordion\" data-id=\"c88b1fc\" data-element_type=\"widget\" data-e-type=\"widget\" data-settings=\"{&quot;default_state&quot;:&quot;expanded&quot;,&quot;max_items_expended&quot;:&quot;one&quot;,&quot;n_accordion_animation_duration&quot;:{&quot;unit&quot;:&quot;ms&quot;,&quot;size&quot;:400,&quot;sizes&quot;:[]}}\" data-widget_type=\"nested-accordion.default\">\n\t\t\t\t\t\t\t<div class=\"e-n-accordion\" aria-label=\"Accordion. Open links with Enter or Space, close with Escape, and navigate with Arrow Keys\">\n\t\t\t\t\t\t<details id=\"e-n-accordion-item-2100\" class=\"e-n-accordion-item\" open>\n\t\t\t\t<summary class=\"e-n-accordion-item-title\" data-accordion-index=\"1\" tabindex=\"0\" aria-expanded=\"true\" aria-controls=\"e-n-accordion-item-2100\" >\n\t\t\t\t\t<span class='e-n-accordion-item-title-header'><div class=\"e-n-accordion-item-title-text\"> \u00bfEs seguro comprar en esta tienda? <\/div><\/span>\n\t\t\t\t\t\t\t<span class='e-n-accordion-item-title-icon'>\n\t\t\t<span class='e-opened' ><svg aria-hidden=\"true\" class=\"e-font-icon-svg e-fas-minus\" viewBox=\"0 0 448 512\" xmlns=\"http:\/\/www.w3.org\/2000\/svg\"><path d=\"M416 208H32c-17.67 0-32 14.33-32 32v32c0 17.67 14.33 32 32 32h384c17.67 0 32-14.33 32-32v-32c0-17.67-14.33-32-32-32z\"><\/path><\/svg><\/span>\n\t\t\t<span class='e-closed'><svg aria-hidden=\"true\" class=\"e-font-icon-svg e-fas-plus\" viewBox=\"0 0 448 512\" xmlns=\"http:\/\/www.w3.org\/2000\/svg\"><path d=\"M416 208H272V64c0-17.67-14.33-32-32-32h-32c-17.67 0-32 14.33-32 32v144H32c-17.67 0-32 14.33-32 32v32c0 17.67 14.33 32 32 32h144v144c0 17.67 14.33 32 32 32h32c17.67 0 32-14.33 32-32V304h144c17.67 0 32-14.33 32-32v-32c0-17.67-14.33-32-32-32z\"><\/path><\/svg><\/span>\n\t\t<\/span>\n\n\t\t\t\t\t\t<\/summary>\n\t\t\t\t<div role=\"region\" aria-labelledby=\"e-n-accordion-item-2100\" class=\"elementor-element elementor-element-06af27d e-con-full e-flex wpr-particle-no wpr-jarallax-no wpr-parallax-no wpr-sticky-section-no wpr-column-slider-no wpr-equal-height-no e-con e-child\" data-id=\"06af27d\" data-element_type=\"container\" data-e-type=\"container\">\n\t\t\t\t<div class=\"elementor-element elementor-element-d46fabb elementor-widget elementor-widget-text-editor\" data-id=\"d46fabb\" data-element_type=\"widget\" data-e-type=\"widget\" data-widget_type=\"text-editor.default\">\n\t\t\t\t\t\t\t\t\t<p>S\u00ed. Utilizamos plataformas de pago seguras y cada pedido es gestionado directamente por nuestro equipo.<\/p><p>Si tienes dudas antes o despu\u00e9s de comprar, puedes contactarnos y te ayudaremos personalmente.<\/p><p><strong>WhatsApp:<\/strong> +52 984 276 3900<br \/><strong>Correo:<\/strong> contacto@renemey.org<\/p>\t\t\t\t\t\t\t\t<\/div>\n\t\t\t\t<\/div>\n\t\t\t\t\t<\/details>\n\t\t\t\t\t\t<details id=\"e-n-accordion-item-2101\" class=\"e-n-accordion-item\" >\n\t\t\t\t<summary class=\"e-n-accordion-item-title\" data-accordion-index=\"2\" tabindex=\"-1\" aria-expanded=\"false\" aria-controls=\"e-n-accordion-item-2101\" >\n\t\t\t\t\t<span class='e-n-accordion-item-title-header'><div class=\"e-n-accordion-item-title-text\"> \u00bfPara qu\u00e9 se utilizan las compras de la tienda? <\/div><\/span>\n\t\t\t\t\t\t\t<span class='e-n-accordion-item-title-icon'>\n\t\t\t<span class='e-opened' ><svg aria-hidden=\"true\" class=\"e-font-icon-svg e-fas-minus\" viewBox=\"0 0 448 512\" xmlns=\"http:\/\/www.w3.org\/2000\/svg\"><path d=\"M416 208H32c-17.67 0-32 14.33-32 32v32c0 17.67 14.33 32 32 32h384c17.67 0 32-14.33 32-32v-32c0-17.67-14.33-32-32-32z\"><\/path><\/svg><\/span>\n\t\t\t<span class='e-closed'><svg aria-hidden=\"true\" class=\"e-font-icon-svg e-fas-plus\" viewBox=\"0 0 448 512\" xmlns=\"http:\/\/www.w3.org\/2000\/svg\"><path d=\"M416 208H272V64c0-17.67-14.33-32-32-32h-32c-17.67 0-32 14.33-32 32v144H32c-17.67 0-32 14.33-32 32v32c0 17.67 14.33 32 32 32h144v144c0 17.67 14.33 32 32 32h32c17.67 0 32-14.33 32-32V304h144c17.67 0 32-14.33 32-32v-32c0-17.67-14.33-32-32-32z\"><\/path><\/svg><\/span>\n\t\t<\/span>\n\n\t\t\t\t\t\t<\/summary>\n\t\t\t\t<div role=\"region\" aria-labelledby=\"e-n-accordion-item-2101\" class=\"elementor-element elementor-element-0378b06 e-con-full e-flex wpr-particle-no wpr-jarallax-no wpr-parallax-no wpr-sticky-section-no wpr-column-slider-no wpr-equal-height-no e-con e-child\" data-id=\"0378b06\" data-element_type=\"container\" data-e-type=\"container\">\n\t\t\t\t<div class=\"elementor-element elementor-element-681f4c6 elementor-widget elementor-widget-text-editor\" data-id=\"681f4c6\" data-element_type=\"widget\" data-e-type=\"widget\" data-widget_type=\"text-editor.default\">\n\t\t\t\t\t\t\t\t\t<p>Los productos de esta tienda apoyan directamente las obras humanitarias de la Fundaci\u00f3n Ren\u00e9 Mey, incluyendo proyectos sociales y de ayuda a personas necesitadas.<\/p><p>Cada compra contribuye a continuar estas acciones solidarias.<\/p>\t\t\t\t\t\t\t\t<\/div>\n\t\t\t\t<\/div>\n\t\t\t\t\t<\/details>\n\t\t\t\t\t\t<details id=\"e-n-accordion-item-2102\" class=\"e-n-accordion-item\" >\n\t\t\t\t<summary class=\"e-n-accordion-item-title\" data-accordion-index=\"3\" tabindex=\"-1\" aria-expanded=\"false\" aria-controls=\"e-n-accordion-item-2102\" >\n\t\t\t\t\t<span class='e-n-accordion-item-title-header'><div class=\"e-n-accordion-item-title-text\"> \u00bfC\u00f3mo puedo comprar en la tienda? <\/div><\/span>\n\t\t\t\t\t\t\t<span class='e-n-accordion-item-title-icon'>\n\t\t\t<span class='e-opened' ><svg aria-hidden=\"true\" class=\"e-font-icon-svg e-fas-minus\" viewBox=\"0 0 448 512\" xmlns=\"http:\/\/www.w3.org\/2000\/svg\"><path d=\"M416 208H32c-17.67 0-32 14.33-32 32v32c0 17.67 14.33 32 32 32h384c17.67 0 32-14.33 32-32v-32c0-17.67-14.33-32-32-32z\"><\/path><\/svg><\/span>\n\t\t\t<span class='e-closed'><svg aria-hidden=\"true\" class=\"e-font-icon-svg e-fas-plus\" viewBox=\"0 0 448 512\" xmlns=\"http:\/\/www.w3.org\/2000\/svg\"><path d=\"M416 208H272V64c0-17.67-14.33-32-32-32h-32c-17.67 0-32 14.33-32 32v144H32c-17.67 0-32 14.33-32 32v32c0 17.67 14.33 32 32 32h144v144c0 17.67 14.33 32 32 32h32c17.67 0 32-14.33 32-32V304h144c17.67 0 32-14.33 32-32v-32c0-17.67-14.33-32-32-32z\"><\/path><\/svg><\/span>\n\t\t<\/span>\n\n\t\t\t\t\t\t<\/summary>\n\t\t\t\t<div role=\"region\" aria-labelledby=\"e-n-accordion-item-2102\" class=\"elementor-element elementor-element-6a88c53 e-con-full e-flex wpr-particle-no wpr-jarallax-no wpr-parallax-no wpr-sticky-section-no wpr-column-slider-no wpr-equal-height-no e-con e-child\" data-id=\"6a88c53\" data-element_type=\"container\" data-e-type=\"container\">\n\t\t\t\t<div class=\"elementor-element elementor-element-305ceed elementor-widget elementor-widget-text-editor\" data-id=\"305ceed\" data-element_type=\"widget\" data-e-type=\"widget\" data-widget_type=\"text-editor.default\">\n\t\t\t\t\t\t\t\t\t<p>Comprar es muy sencillo:<\/p><ol><li>Elige el producto que deseas.<\/li><li>Haz clic en \u201cA\u00f1adir al carrito\u201d o \u201cComprar ahora\u201d.<\/li><li>Completa tus datos de env\u00edo.<\/li><li>Realiza el pago.<\/li><\/ol><p>\u00a0<\/p><p>Recibir\u00e1s un correo de confirmaci\u00f3n con los detalles de tu pedido.<\/p>\t\t\t\t\t\t\t\t<\/div>\n\t\t\t\t<\/div>\n\t\t\t\t\t<\/details>\n\t\t\t\t\t\t<details id=\"e-n-accordion-item-2103\" class=\"e-n-accordion-item\" >\n\t\t\t\t<summary class=\"e-n-accordion-item-title\" data-accordion-index=\"4\" tabindex=\"-1\" aria-expanded=\"false\" aria-controls=\"e-n-accordion-item-2103\" >\n\t\t\t\t\t<span class='e-n-accordion-item-title-header'><div class=\"e-n-accordion-item-title-text\"> \u00bfQu\u00e9 m\u00e9todos de pago aceptan? <\/div><\/span>\n\t\t\t\t\t\t\t<span class='e-n-accordion-item-title-icon'>\n\t\t\t<span class='e-opened' ><svg aria-hidden=\"true\" class=\"e-font-icon-svg e-fas-minus\" viewBox=\"0 0 448 512\" xmlns=\"http:\/\/www.w3.org\/2000\/svg\"><path d=\"M416 208H32c-17.67 0-32 14.33-32 32v32c0 17.67 14.33 32 32 32h384c17.67 0 32-14.33 32-32v-32c0-17.67-14.33-32-32-32z\"><\/path><\/svg><\/span>\n\t\t\t<span class='e-closed'><svg aria-hidden=\"true\" class=\"e-font-icon-svg e-fas-plus\" viewBox=\"0 0 448 512\" xmlns=\"http:\/\/www.w3.org\/2000\/svg\"><path d=\"M416 208H272V64c0-17.67-14.33-32-32-32h-32c-17.67 0-32 14.33-32 32v144H32c-17.67 0-32 14.33-32 32v32c0 17.67 14.33 32 32 32h144v144c0 17.67 14.33 32 32 32h32c17.67 0 32-14.33 32-32V304h144c17.67 0 32-14.33 32-32v-32c0-17.67-14.33-32-32-32z\"><\/path><\/svg><\/span>\n\t\t<\/span>\n\n\t\t\t\t\t\t<\/summary>\n\t\t\t\t<div role=\"region\" aria-labelledby=\"e-n-accordion-item-2103\" class=\"elementor-element elementor-element-01d6c0b e-con-full e-flex wpr-particle-no wpr-jarallax-no wpr-parallax-no wpr-sticky-section-no wpr-column-slider-no wpr-equal-height-no e-con e-child\" data-id=\"01d6c0b\" data-element_type=\"container\" data-e-type=\"container\">\n\t\t\t\t<div class=\"elementor-element elementor-element-d0ecefb elementor-widget elementor-widget-text-editor\" data-id=\"d0ecefb\" data-element_type=\"widget\" data-e-type=\"widget\" data-widget_type=\"text-editor.default\">\n\t\t\t\t\t\t\t\t\t<p>Aceptamos m\u00e9todos de pago seguros:<\/p><ul><li>Tarjetas de cr\u00e9dito y d\u00e9bito<\/li><li>PayPal<\/li><li>Transferencia bancaria<\/li><\/ul><p>\u00a0<\/p><p>Los pagos se procesan mediante plataformas de pago seguras.<\/p>\t\t\t\t\t\t\t\t<\/div>\n\t\t\t\t<\/div>\n\t\t\t\t\t<\/details>\n\t\t\t\t\t\t<details id=\"e-n-accordion-item-2104\" class=\"e-n-accordion-item\" >\n\t\t\t\t<summary class=\"e-n-accordion-item-title\" data-accordion-index=\"5\" tabindex=\"-1\" aria-expanded=\"false\" aria-controls=\"e-n-accordion-item-2104\" >\n\t\t\t\t\t<span class='e-n-accordion-item-title-header'><div class=\"e-n-accordion-item-title-text\"> \u00bfA d\u00f3nde realizan env\u00edos y cu\u00e1nto tardan? <\/div><\/span>\n\t\t\t\t\t\t\t<span class='e-n-accordion-item-title-icon'>\n\t\t\t<span class='e-opened' ><svg aria-hidden=\"true\" class=\"e-font-icon-svg e-fas-minus\" viewBox=\"0 0 448 512\" xmlns=\"http:\/\/www.w3.org\/2000\/svg\"><path d=\"M416 208H32c-17.67 0-32 14.33-32 32v32c0 17.67 14.33 32 32 32h384c17.67 0 32-14.33 32-32v-32c0-17.67-14.33-32-32-32z\"><\/path><\/svg><\/span>\n\t\t\t<span class='e-closed'><svg aria-hidden=\"true\" class=\"e-font-icon-svg e-fas-plus\" viewBox=\"0 0 448 512\" xmlns=\"http:\/\/www.w3.org\/2000\/svg\"><path d=\"M416 208H272V64c0-17.67-14.33-32-32-32h-32c-17.67 0-32 14.33-32 32v144H32c-17.67 0-32 14.33-32 32v32c0 17.67 14.33 32 32 32h144v144c0 17.67 14.33 32 32 32h32c17.67 0 32-14.33 32-32V304h144c17.67 0 32-14.33 32-32v-32c0-17.67-14.33-32-32-32z\"><\/path><\/svg><\/span>\n\t\t<\/span>\n\n\t\t\t\t\t\t<\/summary>\n\t\t\t\t<div role=\"region\" aria-labelledby=\"e-n-accordion-item-2104\" class=\"elementor-element elementor-element-b289bb7 e-con-full e-flex wpr-particle-no wpr-jarallax-no wpr-parallax-no wpr-sticky-section-no wpr-column-slider-no wpr-equal-height-no e-con e-child\" data-id=\"b289bb7\" data-element_type=\"container\" data-e-type=\"container\">\n\t\t\t\t<div class=\"elementor-element elementor-element-36d1f21 elementor-widget elementor-widget-text-editor\" data-id=\"36d1f21\" data-element_type=\"widget\" data-e-type=\"widget\" data-widget_type=\"text-editor.default\">\n\t\t\t\t\t\t\t\t\t<p>Actualmente realizamos env\u00edos dentro de M\u00e9xico.<\/p><p>Los pedidos se procesan una vez confirmado el pago y el tiempo de entrega puede variar seg\u00fan la regi\u00f3n y el servicio de mensajer\u00eda.<\/p><p>Cuando tu pedido sea enviado recibir\u00e1s un correo con la informaci\u00f3n correspondiente.<\/p>\t\t\t\t\t\t\t\t<\/div>\n\t\t\t\t<\/div>\n\t\t\t\t\t<\/details>\n\t\t\t\t\t\t<details id=\"e-n-accordion-item-2105\" class=\"e-n-accordion-item\" >\n\t\t\t\t<summary class=\"e-n-accordion-item-title\" data-accordion-index=\"6\" tabindex=\"-1\" aria-expanded=\"false\" aria-controls=\"e-n-accordion-item-2105\" >\n\t\t\t\t\t<span class='e-n-accordion-item-title-header'><div class=\"e-n-accordion-item-title-text\"> \u00bfQu\u00e9 hago si tengo un problema con mi pedido? <\/div><\/span>\n\t\t\t\t\t\t\t<span class='e-n-accordion-item-title-icon'>\n\t\t\t<span class='e-opened' ><svg aria-hidden=\"true\" class=\"e-font-icon-svg e-fas-minus\" viewBox=\"0 0 448 512\" xmlns=\"http:\/\/www.w3.org\/2000\/svg\"><path d=\"M416 208H32c-17.67 0-32 14.33-32 32v32c0 17.67 14.33 32 32 32h384c17.67 0 32-14.33 32-32v-32c0-17.67-14.33-32-32-32z\"><\/path><\/svg><\/span>\n\t\t\t<span class='e-closed'><svg aria-hidden=\"true\" class=\"e-font-icon-svg e-fas-plus\" viewBox=\"0 0 448 512\" xmlns=\"http:\/\/www.w3.org\/2000\/svg\"><path d=\"M416 208H272V64c0-17.67-14.33-32-32-32h-32c-17.67 0-32 14.33-32 32v144H32c-17.67 0-32 14.33-32 32v32c0 17.67 14.33 32 32 32h144v144c0 17.67 14.33 32 32 32h32c17.67 0 32-14.33 32-32V304h144c17.67 0 32-14.33 32-32v-32c0-17.67-14.33-32-32-32z\"><\/path><\/svg><\/span>\n\t\t<\/span>\n\n\t\t\t\t\t\t<\/summary>\n\t\t\t\t<div role=\"region\" aria-labelledby=\"e-n-accordion-item-2105\" class=\"elementor-element elementor-element-03088d5 e-con-full e-flex wpr-particle-no wpr-jarallax-no wpr-parallax-no wpr-sticky-section-no wpr-column-slider-no wpr-equal-height-no e-con e-child\" data-id=\"03088d5\" data-element_type=\"container\" data-e-type=\"container\">\n\t\t\t\t<div class=\"elementor-element elementor-element-090bc37 elementor-widget elementor-widget-text-editor\" data-id=\"090bc37\" data-element_type=\"widget\" data-e-type=\"widget\" data-widget_type=\"text-editor.default\">\n\t\t\t\t\t\t\t\t\t<p>Si ocurre alguna situaci\u00f3n como:<\/p><ul><li>El pedido no llega<\/li><li>El producto llega da\u00f1ado<\/li><li>Recibiste un art\u00edculo incorrecto<\/li><\/ul><p>\u00a0<\/p><p>Cont\u00e1ctanos indicando:<\/p><ul><li>N\u00famero de pedido<\/li><li>Una breve explicaci\u00f3n del problema<\/li><li>Fotos del producto si es necesario<\/li><\/ul><p>\u00a0<\/p><p>Nuestro equipo revisar\u00e1 el caso y te ayudar\u00e1 a resolverlo.<\/p>\t\t\t\t\t\t\t\t<\/div>\n\t\t\t\t<\/div>\n\t\t\t\t\t<\/details>\n\t\t\t\t\t\t<details id=\"e-n-accordion-item-2106\" class=\"e-n-accordion-item\" >\n\t\t\t\t<summary class=\"e-n-accordion-item-title\" data-accordion-index=\"7\" tabindex=\"-1\" aria-expanded=\"false\" aria-controls=\"e-n-accordion-item-2106\" >\n\t\t\t\t\t<span class='e-n-accordion-item-title-header'><div class=\"e-n-accordion-item-title-text\"> \u00bfPuedo cambiar o devolver un producto? <\/div><\/span>\n\t\t\t\t\t\t\t<span class='e-n-accordion-item-title-icon'>\n\t\t\t<span class='e-opened' ><svg aria-hidden=\"true\" class=\"e-font-icon-svg e-fas-minus\" viewBox=\"0 0 448 512\" xmlns=\"http:\/\/www.w3.org\/2000\/svg\"><path d=\"M416 208H32c-17.67 0-32 14.33-32 32v32c0 17.67 14.33 32 32 32h384c17.67 0 32-14.33 32-32v-32c0-17.67-14.33-32-32-32z\"><\/path><\/svg><\/span>\n\t\t\t<span class='e-closed'><svg aria-hidden=\"true\" class=\"e-font-icon-svg e-fas-plus\" viewBox=\"0 0 448 512\" xmlns=\"http:\/\/www.w3.org\/2000\/svg\"><path d=\"M416 208H272V64c0-17.67-14.33-32-32-32h-32c-17.67 0-32 14.33-32 32v144H32c-17.67 0-32 14.33-32 32v32c0 17.67 14.33 32 32 32h144v144c0 17.67 14.33 32 32 32h32c17.67 0 32-14.33 32-32V304h144c17.67 0 32-14.33 32-32v-32c0-17.67-14.33-32-32-32z\"><\/path><\/svg><\/span>\n\t\t<\/span>\n\n\t\t\t\t\t\t<\/summary>\n\t\t\t\t<div role=\"region\" aria-labelledby=\"e-n-accordion-item-2106\" class=\"elementor-element elementor-element-6d42a9b e-con-full e-flex wpr-particle-no wpr-jarallax-no wpr-parallax-no wpr-sticky-section-no wpr-column-slider-no wpr-equal-height-no e-con e-child\" data-id=\"6d42a9b\" data-element_type=\"container\" data-e-type=\"container\">\n\t\t\t\t<div class=\"elementor-element elementor-element-38b21d7 elementor-widget elementor-widget-text-editor\" data-id=\"38b21d7\" data-element_type=\"widget\" data-e-type=\"widget\" data-widget_type=\"text-editor.default\">\n\t\t\t\t\t\t\t\t\t<p>S\u00ed. Si tienes alg\u00fan problema con tu pedido puedes contactarnos para revisar tu caso.<\/p><p>Si el problema fue un error nuestro o un defecto del producto, cubrimos los costos de env\u00edo.<\/p><p>Si la devoluci\u00f3n se debe a un error del cliente, el costo del env\u00edo deber\u00e1 ser cubierto por el cliente.<\/p><p>En todos los casos primero es necesario contactarnos para indicarte el procedimiento.<\/p>\t\t\t\t\t\t\t\t<\/div>\n\t\t\t\t<\/div>\n\t\t\t\t\t<\/details>\n\t\t\t\t\t<\/div>\n\t\t\t\t\t\t<\/div>\n\t\t\t\t\t<\/div>\n\t\t\t\t<\/div>\n\t\t\t\t<\/div>\n\t\t","protected":false},"excerpt":{"rendered":"<p>Preguntas frecuentes \u00bfEs seguro comprar en esta tienda? S\u00ed. Utilizamos plataformas de pago seguras y cada pedido es gestionado directamente por nuestro equipo. Si tienes dudas antes o despu\u00e9s de comprar, puedes contactarnos y te ayudaremos personalmente. WhatsApp: +52 984 276 3900Correo: contacto@renemey.org \u00bfPara qu\u00e9 se utilizan las compras de la tienda? Los productos de esta tienda apoyan directamente las obras humanitarias de la Fundaci\u00f3n Ren\u00e9 Mey, incluyendo proyectos sociales y de ayuda a personas necesitadas. Cada compra contribuye a continuar estas acciones solidarias. \u00bfC\u00f3mo puedo comprar en la tienda? Comprar es muy sencillo: Elige el producto que deseas. Haz clic en \u201cA\u00f1adir al carrito\u201d o \u201cComprar ahora\u201d. Completa tus datos de env\u00edo. Realiza el pago. \u00a0 Recibir\u00e1s un correo de confirmaci\u00f3n con los detalles de tu pedido. \u00bfQu\u00e9 m\u00e9todos de pago aceptan? Aceptamos m\u00e9todos de pago seguros: Tarjetas de cr\u00e9dito y d\u00e9bito PayPal Transferencia bancaria \u00a0 Los pagos se procesan mediante plataformas de pago seguras. \u00bfA d\u00f3nde realizan env\u00edos y cu\u00e1nto tardan? Actualmente realizamos env\u00edos dentro de M\u00e9xico. Los pedidos se procesan una vez confirmado el pago y el tiempo de entrega puede variar seg\u00fan la regi\u00f3n y el servicio de mensajer\u00eda. Cuando tu pedido sea enviado recibir\u00e1s un correo con la informaci\u00f3n correspondiente. \u00bfQu\u00e9 hago si tengo un problema con mi pedido? Si ocurre alguna situaci\u00f3n como: El pedido no llega El producto llega da\u00f1ado Recibiste un art\u00edculo incorrecto \u00a0 Cont\u00e1ctanos indicando: N\u00famero de pedido Una breve explicaci\u00f3n del problema Fotos del producto si es necesario \u00a0 Nuestro equipo revisar\u00e1 el caso y te ayudar\u00e1 a resolverlo. \u00bfPuedo cambiar o devolver un producto? S\u00ed. Si tienes alg\u00fan problema con tu pedido puedes contactarnos para revisar tu caso. Si el problema fue un error nuestro o un defecto del producto, cubrimos los costos de env\u00edo. Si la devoluci\u00f3n se debe a un error del cliente, el costo del env\u00edo deber\u00e1 ser cubierto por el cliente. En todos los casos primero es necesario contactarnos para indicarte el procedimiento. S\u00ed. Utilizamos plataformas de pago seguras y cada pedido es gestionado directamente por nuestro equipo. Si tienes dudas antes o despu\u00e9s de comprar, puedes contactarnos y te ayudaremos personalmente. WhatsApp: +52 984 276 3900Correo: contacto@renemey.org Los productos de esta tienda apoyan directamente las obras humanitarias de la Fundaci\u00f3n Ren\u00e9 Mey, incluyendo proyectos sociales y de ayuda a personas necesitadas. Cada compra contribuye a continuar estas acciones solidarias. Comprar es muy sencillo: Elige el producto que deseas. Haz clic en \u201cA\u00f1adir al carrito\u201d o \u201cComprar ahora\u201d. Completa tus datos de env\u00edo. Realiza el pago. \u00a0 Recibir\u00e1s un correo de confirmaci\u00f3n con los detalles de tu pedido. Aceptamos m\u00e9todos de pago seguros: Tarjetas de cr\u00e9dito y d\u00e9bito PayPal Transferencia bancaria \u00a0 Los pagos se procesan mediante plataformas de pago seguras. Actualmente realizamos env\u00edos dentro de M\u00e9xico. Los pedidos se procesan una vez confirmado el pago y el tiempo de entrega puede variar seg\u00fan la regi\u00f3n y el servicio de mensajer\u00eda. Cuando tu pedido sea enviado recibir\u00e1s un correo con la informaci\u00f3n correspondiente. Si ocurre alguna situaci\u00f3n como: El pedido no llega El producto llega da\u00f1ado Recibiste un art\u00edculo incorrecto \u00a0 Cont\u00e1ctanos indicando: N\u00famero de pedido Una breve explicaci\u00f3n del problema Fotos del producto si es necesario \u00a0 Nuestro equipo revisar\u00e1 el caso y te ayudar\u00e1 a resolverlo. S\u00ed. Si tienes alg\u00fan problema con tu pedido puedes contactarnos para revisar tu caso. Si el problema fue un error nuestro o un defecto del producto, cubrimos los costos de env\u00edo. Si la devoluci\u00f3n se debe a un error del cliente, el costo del env\u00edo deber\u00e1 ser cubierto por el cliente. En todos los casos primero es necesario contactarnos para indicarte el procedimiento.<\/p>\n","protected":false},"author":1,"featured_media":0,"parent":0,"menu_order":0,"comment_status":"closed","ping_status":"closed","template":"","meta":{"footnotes":""},"class_list":["post-437","page","type-page","status-publish","hentry"],"_links":{"self":[{"href":"https:\/\/productosdeayuda.renemey.org\/index.php\/wp-json\/wp\/v2\/pages\/437","targetHints":{"allow":["GET"]}}],"collection":[{"href":"https:\/\/productosdeayuda.renemey.org\/index.php\/wp-json\/wp\/v2\/pages"}],"about":[{"href":"https:\/\/productosdeayuda.renemey.org\/index.php\/wp-json\/wp\/v2\/types\/page"}],"author":[{"embeddable":true,"href":"https:\/\/productosdeayuda.renemey.org\/index.php\/wp-json\/wp\/v2\/users\/1"}],"replies":[{"embeddable":true,"href":"https:\/\/productosdeayuda.renemey.org\/index.php\/wp-json\/wp\/v2\/comments?post=437"}],"version-history":[{"count":37,"href":"https:\/\/productosdeayuda.renemey.org\/index.php\/wp-json\/wp\/v2\/pages\/437\/revisions"}],"predecessor-version":[{"id":547,"href":"https:\/\/productosdeayuda.renemey.org\/index.php\/wp-json\/wp\/v2\/pages\/437\/revisions\/547"}],"wp:attachment":[{"href":"https:\/\/productosdeayuda.renemey.org\/index.php\/wp-json\/wp\/v2\/media?parent=437"}],"curies":[{"name":"wp","href":"https:\/\/api.w.org\/{rel}","templated":true}]}}